{"id":482,"date":"2022-10-03T15:16:57","date_gmt":"2022-10-03T18:16:57","guid":{"rendered":"https:\/\/enanppas.anppas.org.br\/?page_id=482"},"modified":"2025-08-21T18:26:39","modified_gmt":"2025-08-21T21:26:39","slug":"hospedagem","status":"publish","type":"page","link":"https:\/\/enanppas.anppas.org.br\/index.php\/hospedagem\/","title":{"rendered":"Hospedagem"},"content":{"rendered":"\n<figure class=\"wp-block-pullquote has-nv-site-bg-color has-neve-link-hover-color-background-color has-text-color has-background has-medium-font-size\"><blockquote><p><strong>Hospedagem<\/strong><\/p><\/blockquote><\/figure>\n\n\n\n<p>O XII Enanppas ocorrer\u00e1 de forma presencial, em S\u00e3o Paulo &#8211; SP, entre os dias <strong>01 a 04 de setembro de 2025<\/strong>. A Comiss\u00e3o Organizadora do encontro espera receb\u00ea-las\/os de bra\u00e7os abertos.<\/p>\n\n\n\n<p>Seguem abaixo algumas possibilidades&nbsp;de hospedagem em S\u00e3o Paulo.<\/p>\n\n\n\n<p>Voc\u00ea tamb\u00e9m pode fazer o download do nosso<strong> guia de hospedagem<\/strong> em PDF <a href=\"https:\/\/drive.google.com\/file\/d\/1adAE7GHCUX4tFpogEtpqeqDvKu_Qovtc\/view?usp=sharing\" target=\"_blank\" rel=\"noopener\" title=\"\">clicando aqui.<\/a><\/p>\n\n\n\n<p><strong>Hospedagem regi\u00e3o Butant\u00e3 (mais pr\u00f3ximas ao campus da USP)<\/strong><\/p>\n\n\n\n<ul class=\"wp-block-list\">\n<li>Hotel Butant\u00e3<br>R. Camargo, 379 &#8211; Butant\u00e3, S\u00e3o Paulo &#8211; SP, 05510-050<br>Contato: <a href=\"https:\/\/www.hotelbutanta.com.br\/\">https:\/\/www.hotelbutanta.com.br\/<\/a><br>(11) 3819-3228 \/ (11) 99472-0975<br>Pr\u00f3ximo \u00e0 esta\u00e7\u00e3o Butant\u00e3 do metr\u00f4. Dist\u00e2ncia de 600 metros do Port\u00e3o 1 da USP<\/li>\n\n\n\n<li>Stay Charlie \u2013 Panorama Butant\u00e3<br>Avenida Professor Francisco Morato, 292 &#8211; Butant\u00e3, S\u00e3o Paulo<br>Contato: <a href=\"https:\/\/www.booking.com\/hotel\/br\/charlie-panorama-butanta\">https:\/\/www.booking.com\/hotel\/br\/charlie-panorama-butanta<\/a><br>(11) 94075-8022<br>Pr\u00f3ximo ao metr\u00f4 Butant\u00e3 (linha amarela)<\/li>\n\n\n\n<li>Mada Hostel<br>R. Lu\u00eds Anhaia, 54 &#8211; Vila Madalena, S\u00e3o Paulo<br>Contato: <a href=\"https:\/\/www.madahostel.com\/\">https:\/\/www.madahostel.com\/<\/a><br>(11) 3031-1393<br><\/li>\n<\/ul>\n\n\n\n<p><strong>Regi\u00e3o de Pinheiros \/ Vila Madalena<\/strong><\/p>\n\n\n\n<ul class=\"wp-block-list\">\n<li>La Torre Hotel S\u00e3o Paulo<br>Rua Sebasti\u00e3o Martins, 665 Butant\u00e3, R. Sebasti\u00e3o Martins, 665 &#8211; Butant\u00e3, S\u00e3o Paulo &#8211; SP<br>Contato: <a href=\"https:\/\/www.booking.com\/hotel\/br\/la-torre\">https:\/\/www.booking.com\/hotel\/br\/la-torre<\/a><br>(11) 3735-1552<\/li>\n\n\n\n<li>Golden Tower Hotel<br>Rua Deputado Lacerda Franco, 148 &#8211; Pinheiros, S\u00e3o Paulo, SP 05418-000<br>Contato: <a href=\"https:\/\/www.goldentowerhotel.com.br\/\">https:\/\/www.goldentowerhotel.com.br\/<\/a><br>(11) 3094-2200 \/ (11) 3094-2202<\/li>\n\n\n\n<li>Garoa Hostel<br>R. Guaicu\u00ed, 72 &#8211; Pinheiros, S\u00e3o Paulo &#8211; SP, 05427-030<br>Contato: <a href=\"https:\/\/www.booking.com\/hotel\/br\/garoa-hostel\">https:\/\/www.booking.com\/hotel\/br\/garoa-hostel<\/a><br>(11) 2729-7211<\/li>\n\n\n\n<li>L\u2019Opera Hotel<br>Avenida Pedroso de Morais, 323 &#8211; Pinheiros, S\u00e3o Paulo, S\u00e3o Paulo 05419-000<br>Contato: <a href=\"https:\/\/www.loperahotel.com.br\/\">https:\/\/www.loperahotel.com.br\/<\/a><br>(11) 3035-1111<br>F\u00e1cil deslocamento \u00e0 USP pela linha amarela do metr\u00f4.<\/li>\n<\/ul>\n\n\n\n<p><strong>Regi\u00e3o da Paulista \/ Centro (20\u201330 min de metr\u00f4 at\u00e9 a USP)<\/strong><\/p>\n\n\n\n<ul class=\"wp-block-list\">\n<li>Ibis Budget S\u00e3o Paulo Paulista<br>R. da Consola\u00e7\u00e3o, 2303 &#8211; Consola\u00e7\u00e3o, S\u00e3o Paulo &#8211; SP, 01301-100<br>Contato: <a href=\"https:\/\/www.booking.com\/hotel\/br\/ibis\" target=\"_blank\" rel=\"noopener\" title=\"\">https:\/\/www.booking.com\/hotel\/br\/ibis<\/a><br>(11) 3123-7755<\/li>\n\n\n\n<li>Ibis Budget Para\u00edso<br>Rua Vergueiro, 1571- Para\u00edso- S\u00e3o Paulo- SP<br>Contato: <a href=\"http:\/\/www.ibis.com\/pt-br\/hotel-3531-ibis\" target=\"_blank\" rel=\"noopener\" title=\"\">http:\/\/www.ibis.com\/pt-br\/hotel-3531-ibis<\/a><br>(11) 5085-5699<br>Pr\u00f3ximo ao Metr\u00f4 Para\u00edso<\/li>\n<\/ul>\n\n\n\n<p><strong>Outras op\u00e7\u00f5es de busca:<\/strong><br><span style=\"text-decoration: underline;\"><a href=\"https:\/\/www.airbnb.com.br\/\" target=\"_blank\" rel=\"noopener\" title=\"Airbnb \">Airbnb <\/a><\/span>\u2192 Quartos e apartamentos perto da USP e metr\u00f4 Butant\u00e3.<br><span style=\"text-decoration: underline;\"><a href=\"https:\/\/www.booking.com\/\" target=\"_blank\" rel=\"noopener\" title=\"\">Booking<\/a><\/span> \u2192 Mais op\u00e7\u00f5es de hot\u00e9is, hostels e apartamentos em S\u00e3o Paulo.<\/p>\n\n\n\n<p><strong>OBS:<\/strong>&nbsp;as hospedagens listadas n\u00e3o possuem v\u00ednculo oficial com o evento. <\/p>\n\n\n\n<p><\/p>\n","protected":false},"excerpt":{"rendered":"<p>Hospedagem O XII Enanppas ocorrer\u00e1 de forma presencial, em S\u00e3o Paulo &#8211; SP, entre os dias 01 a 04 de setembro de 2025. A Comiss\u00e3o Organizadora do encontro espera receb\u00ea-las\/os de bra\u00e7os abertos. Seguem abaixo algumas possibilidades&nbsp;de hospedagem em S\u00e3o Paulo. Voc\u00ea tamb\u00e9m pode fazer o download do nosso guia de hospedagem em PDF clicando&hellip;&nbsp;<a href=\"https:\/\/enanppas.anppas.org.br\/index.php\/hospedagem\/\" rel=\"bookmark\">Continue a ler &raquo;<span class=\"screen-reader-text\">Hospedagem<\/span><\/a><\/p>\n","protected":false},"author":1,"featured_media":0,"parent":0,"menu_order":0,"comment_status":"closed","ping_status":"closed","template":"","meta":{"_uf_show_specific_survey":0,"_uf_disable_surveys":false,"neve_meta_sidebar":"","neve_meta_container":"","neve_meta_enable_content_width":"","neve_meta_content_width":0,"neve_meta_title_alignment":"","neve_meta_author_avatar":"","neve_post_elements_order":"","neve_meta_disable_header":"","neve_meta_disable_footer":"","neve_meta_disable_title":"","footnotes":""},"class_list":["post-482","page","type-page","status-publish","hentry"],"aioseo_notices":[],"_links":{"self":[{"href":"https:\/\/enanppas.anppas.org.br\/index.php\/wp-json\/wp\/v2\/pages\/482","targetHints":{"allow":["GET"]}}],"collection":[{"href":"https:\/\/enanppas.anppas.org.br\/index.php\/wp-json\/wp\/v2\/pages"}],"about":[{"href":"https:\/\/enanppas.anppas.org.br\/index.php\/wp-json\/wp\/v2\/types\/page"}],"author":[{"embeddable":true,"href":"https:\/\/enanppas.anppas.org.br\/index.php\/wp-json\/wp\/v2\/users\/1"}],"replies":[{"embeddable":true,"href":"https:\/\/enanppas.anppas.org.br\/index.php\/wp-json\/wp\/v2\/comments?post=482"}],"version-history":[{"count":17,"href":"https:\/\/enanppas.anppas.org.br\/index.php\/wp-json\/wp\/v2\/pages\/482\/revisions"}],"predecessor-version":[{"id":1502,"href":"https:\/\/enanppas.anppas.org.br\/index.php\/wp-json\/wp\/v2\/pages\/482\/revisions\/1502"}],"wp:attachment":[{"href":"https:\/\/enanppas.anppas.org.br\/index.php\/wp-json\/wp\/v2\/media?parent=482"}],"curies":[{"name":"wp","href":"https:\/\/api.w.org\/{rel}","templated":true}]}}