{"id":510,"date":"2022-10-03T15:45:50","date_gmt":"2022-10-03T18:45:50","guid":{"rendered":"https:\/\/enanppas.anppas.org.br\/?page_id=510"},"modified":"2025-04-25T10:28:34","modified_gmt":"2025-04-25T13:28:34","slug":"temas-e-eixos","status":"publish","type":"page","link":"https:\/\/enanppas.anppas.org.br\/index.php\/temas-e-eixos\/","title":{"rendered":"Temas e Eixos"},"content":{"rendered":"\n<figure class=\"wp-block-pullquote has-nv-site-bg-color has-neve-link-hover-color-background-color has-text-color has-background\"><blockquote><p><strong>Temas e Eixos<\/strong><\/p><\/blockquote><\/figure>\n\n\n\n<p>O XII Enanppas 2025, seguindo formato das edi\u00e7\u00f5es anteriores, ser\u00e1 constitu\u00eddo por Confer\u00eancias, Mesas redondas e Grupos Tem\u00e1ticos, al\u00e9m do concurso do Pr\u00eamio Anppas de Teses e Disserta\u00e7\u00f5es.\u00a0<\/p>\n","protected":false},"excerpt":{"rendered":"<p>Temas e Eixos O XII Enanppas 2025, seguindo formato das edi\u00e7\u00f5es anteriores, ser\u00e1 constitu\u00eddo por Confer\u00eancias, Mesas redondas e Grupos Tem\u00e1ticos, al\u00e9m do concurso do Pr\u00eamio Anppas de Teses e Disserta\u00e7\u00f5es.\u00a0<\/p>\n","protected":false},"author":1,"featured_media":0,"parent":0,"menu_order":0,"comment_status":"closed","ping_status":"closed","template":"","meta":{"_uf_show_specific_survey":0,"_uf_disable_surveys":false,"neve_meta_sidebar":"","neve_meta_container":"","neve_meta_enable_content_width":"","neve_meta_content_width":0,"neve_meta_title_alignment":"","neve_meta_author_avatar":"","neve_post_elements_order":"","neve_meta_disable_header":"","neve_meta_disable_footer":"","neve_meta_disable_title":"","footnotes":""},"class_list":["post-510","page","type-page","status-publish","hentry"],"aioseo_notices":[],"_links":{"self":[{"href":"https:\/\/enanppas.anppas.org.br\/index.php\/wp-json\/wp\/v2\/pages\/510","targetHints":{"allow":["GET"]}}],"collection":[{"href":"https:\/\/enanppas.anppas.org.br\/index.php\/wp-json\/wp\/v2\/pages"}],"about":[{"href":"https:\/\/enanppas.anppas.org.br\/index.php\/wp-json\/wp\/v2\/types\/page"}],"author":[{"embeddable":true,"href":"https:\/\/enanppas.anppas.org.br\/index.php\/wp-json\/wp\/v2\/users\/1"}],"replies":[{"embeddable":true,"href":"https:\/\/enanppas.anppas.org.br\/index.php\/wp-json\/wp\/v2\/comments?post=510"}],"version-history":[{"count":4,"href":"https:\/\/enanppas.anppas.org.br\/index.php\/wp-json\/wp\/v2\/pages\/510\/revisions"}],"predecessor-version":[{"id":1333,"href":"https:\/\/enanppas.anppas.org.br\/index.php\/wp-json\/wp\/v2\/pages\/510\/revisions\/1333"}],"wp:attachment":[{"href":"https:\/\/enanppas.anppas.org.br\/index.php\/wp-json\/wp\/v2\/media?parent=510"}],"curies":[{"name":"wp","href":"https:\/\/api.w.org\/{rel}","templated":true}]}}