{"id":519,"date":"2022-10-03T15:49:25","date_gmt":"2022-10-03T18:49:25","guid":{"rendered":"https:\/\/enanppas.anppas.org.br\/?page_id=519"},"modified":"2025-08-27T20:16:04","modified_gmt":"2025-08-27T23:16:04","slug":"submissoes","status":"publish","type":"page","link":"https:\/\/enanppas.anppas.org.br\/index.php\/submissoes\/","title":{"rendered":"Submiss\u00f5es"},"content":{"rendered":"\n<figure class=\"wp-block-pullquote has-nv-site-bg-color has-neve-link-hover-color-background-color has-text-color has-background has-medium-font-size\"><blockquote><p><strong>Submiss\u00f5es<\/strong><\/p><\/blockquote><\/figure>\n\n\n\n<p>O prazo para submiss\u00f5es nos <a href=\"https:\/\/static.even3.com\/geral\/CHAMADAPARAAPRESENTACAODETRABALHOSEMGRUPOSTEMATICOS2025.docx.2f6442c1256d4eb9a55f.pdf\" title=\"\">Grupos Tem\u00e1ticos<\/a> <strong>se encerrou em 07\/07\/2025<\/strong>. A programa\u00e7\u00e3o dos GTs est\u00e1 dispon\u00edvel <a href=\"https:\/\/drive.google.com\/file\/d\/11cdY2KvSgQAIldXtQ8O-DSLYEsQ5RLnr\/view?usp=sharing\" target=\"_blank\" rel=\"noopener\" title=\"\">neste link.<\/a><\/p>\n\n\n\n<p>As <strong>comunica\u00e7\u00f5es cient\u00edficas<\/strong> aprovadas nos GTs 1 a 19 dever\u00e3o ser apresentadas presencialmente no evento, em S\u00e3o Paulo, nos dias 02 ou 03 de setembro de 2025. Disponibilizamos um <a href=\"https:\/\/docs.google.com\/presentation\/d\/1T5e4fojJEjvPV-7lZ8VeFaaLXOkwy1bU\/edit?usp=sharing&amp;ouid=110288164139403609568&amp;rtpof=true&amp;sd=true\" target=\"_blank\" rel=\"noopener\" title=\"\">template Power Point<\/a> caso deseje usar. As apresenta\u00e7\u00f5es desses eixos devem ter <strong>10 minutos<\/strong>.<\/p>\n\n\n\n<p>Os <strong>p\u00f4steres<\/strong> do GT 20 ser\u00e3o todos apresentados dia 02 de setembro de 2025. Para acessar o template para impress\u00e3o de <a href=\"https:\/\/docs.google.com\/presentation\/d\/1kQh402xDS4PL8ZucLP9zSGfcQfSRpAwQ\/edit?usp=sharing&amp;ouid=110288164139403609568&amp;rtpof=true&amp;sd=true\" target=\"_blank\" rel=\"noopener\" title=\"\">p\u00f4steres em papel (sem margens), clique aqui<\/a>, e para o template para <a href=\"https:\/\/docs.google.com\/presentation\/d\/1ykvwKd66D5LyOEaLeb0wH1TRp--eeXTS\/edit?usp=sharing&amp;ouid=110288164139403609568&amp;rtpof=true&amp;sd=true\" target=\"_blank\" rel=\"noopener\" title=\"\">banner em vinil (com margens), clique aqui<\/a>. <strong>A impress\u00e3o \u00e9 de responsabilidade do participante, que tamb\u00e9m deve comparecer presencialmente ao evento para ter seu trabalho publicado nos Anais.<\/strong><\/p>\n\n\n\n<p>Para agilizar a proje\u00e7\u00e3o dos slides no dia de apresenta\u00e7\u00e3o, estamos solicitando que os autores <strong>enviem antecipadamente seus slides<\/strong> por meio de um link. Receberemos as apresenta\u00e7\u00f5es <strong>at\u00e9 dia 30\/08<\/strong>. Aqueles que n\u00e3o enviarem, correm o risco de n\u00e3o poderem usar o recurso no dia da apresenta\u00e7\u00e3o. Por isso, envie seus slides<strong> <\/strong>por <strong><a href=\"https:\/\/forms.gle\/6tQfZrZVpTM9NdpW9\" target=\"_blank\" rel=\"noopener\" title=\"\">este formul\u00e1rio<\/a>.<\/strong><\/p>\n\n\n\n<p>ATEN\u00c7\u00c3O: Se o trabalho foi aceito, <strong>\u00e9 necess\u00e1rio que pelo menos uma\/um das\/dos autoras\/es realize o pagamento da inscri\u00e7\u00e3o at\u00e9 dia 01 de setembro de 2025<\/strong>. Isso permite que o trabalho seja apresentado no Encontro e conste nos Anais. A inscri\u00e7\u00e3o\/pagamento se d\u00e1 exclusivamente na <a href=\"https:\/\/www.even3.com.br\/enanppas-2025-510963\/\" target=\"_blank\" rel=\"noopener\" title=\"\">plataforma Even 3<\/a>.<\/p>\n\n\n\n<p>H\u00e1 trabalhos inscritos que foram submetidos como comunica\u00e7\u00e3o cient\u00edfica, mas foram aceitos em formato p\u00f4ster. Nesses casos, a apresenta\u00e7\u00e3o se dar\u00e1 como p\u00f4ster (ou cartaz) e ser\u00e1 apresentado no dia <strong>02\/09, das 17h \u00e0s 18h, de modo presencial.<\/strong> Se seu trabalho foi aprovado e n\u00e3o consta na lista do GT para o qual submeteu, confira se ele consta na programa\u00e7\u00e3o do GT 20 (todos s\u00e3o p\u00f4steres neste GT).<\/p>\n\n\n\n<p>A distribui\u00e7\u00e3o das salas ser\u00e1 divulgada nesta p\u00e1gina e em nossas redes sociais brevemente. Siga <a href=\"https:\/\/www.instagram.com\/anppas_oficial\/\" target=\"_blank\" rel=\"noopener\" title=\"\">@anppas_oficial <\/a>no Instagram!<\/p>\n","protected":false},"excerpt":{"rendered":"<p>Submiss\u00f5es O prazo para submiss\u00f5es nos Grupos Tem\u00e1ticos se encerrou em 07\/07\/2025. A programa\u00e7\u00e3o dos GTs est\u00e1 dispon\u00edvel neste link. As comunica\u00e7\u00f5es cient\u00edficas aprovadas nos GTs 1 a 19 dever\u00e3o ser apresentadas presencialmente no evento, em S\u00e3o Paulo, nos dias 02 ou 03 de setembro de 2025. Disponibilizamos um template Power Point caso deseje usar.&hellip;&nbsp;<a href=\"https:\/\/enanppas.anppas.org.br\/index.php\/submissoes\/\" rel=\"bookmark\">Continue a ler &raquo;<span class=\"screen-reader-text\">Submiss\u00f5es<\/span><\/a><\/p>\n","protected":false},"author":1,"featured_media":0,"parent":0,"menu_order":0,"comment_status":"closed","ping_status":"closed","template":"","meta":{"_uf_show_specific_survey":0,"_uf_disable_surveys":false,"neve_meta_sidebar":"","neve_meta_container":"","neve_meta_enable_content_width":"","neve_meta_content_width":0,"neve_meta_title_alignment":"","neve_meta_author_avatar":"","neve_post_elements_order":"","neve_meta_disable_header":"","neve_meta_disable_footer":"","neve_meta_disable_title":"","footnotes":""},"class_list":["post-519","page","type-page","status-publish","hentry"],"aioseo_notices":[],"_links":{"self":[{"href":"https:\/\/enanppas.anppas.org.br\/index.php\/wp-json\/wp\/v2\/pages\/519","targetHints":{"allow":["GET"]}}],"collection":[{"href":"https:\/\/enanppas.anppas.org.br\/index.php\/wp-json\/wp\/v2\/pages"}],"about":[{"href":"https:\/\/enanppas.anppas.org.br\/index.php\/wp-json\/wp\/v2\/types\/page"}],"author":[{"embeddable":true,"href":"https:\/\/enanppas.anppas.org.br\/index.php\/wp-json\/wp\/v2\/users\/1"}],"replies":[{"embeddable":true,"href":"https:\/\/enanppas.anppas.org.br\/index.php\/wp-json\/wp\/v2\/comments?post=519"}],"version-history":[{"count":62,"href":"https:\/\/enanppas.anppas.org.br\/index.php\/wp-json\/wp\/v2\/pages\/519\/revisions"}],"predecessor-version":[{"id":1535,"href":"https:\/\/enanppas.anppas.org.br\/index.php\/wp-json\/wp\/v2\/pages\/519\/revisions\/1535"}],"wp:attachment":[{"href":"https:\/\/enanppas.anppas.org.br\/index.php\/wp-json\/wp\/v2\/media?parent=519"}],"curies":[{"name":"wp","href":"https:\/\/api.w.org\/{rel}","templated":true}]}}